{"id":1887,"date":"2024-10-11T17:13:18","date_gmt":"2024-10-11T15:13:18","guid":{"rendered":"https:\/\/www.locansol.fr\/?page_id=1887"},"modified":"2024-10-11T17:16:20","modified_gmt":"2024-10-11T15:16:20","slug":"mentions-legales","status":"publish","type":"page","link":"https:\/\/www.locansol.fr\/en\/mentions-legales\/","title":{"rendered":"Mentions l\u00e9gales"},"content":{"rendered":"<div data-elementor-type=\"wp-page\" data-elementor-id=\"1887\" class=\"elementor elementor-1887\" data-elementor-post-type=\"page\">\n\t\t\t\t<div class=\"elementor-element elementor-element-ac2caf7 e-flex e-con-boxed e-con e-parent\" data-id=\"ac2caf7\" data-element_type=\"container\" data-e-type=\"container\">\n\t\t\t\t\t<div class=\"e-con-inner\">\n\t\t\t\t<div class=\"elementor-element elementor-element-b76c4b8 elementor-widget elementor-widget-text-editor\" data-id=\"b76c4b8\" data-element_type=\"widget\" data-e-type=\"widget\" data-widget_type=\"text-editor.default\">\n\t\t\t\t<div class=\"elementor-widget-container\">\n\t\t\t\t\t\t\t\t\t<p><strong>1. Information de publication<\/strong><\/p><p>Editeur :<\/p><p>Vous \u00eates actuellement connect\u00e9s au site de la soci\u00e9t\u00e9 LOCANSOL<\/p><p>BARBARA CLANET<br \/>CAMPING DE PUJOLS<br \/><span class=\"elementor-icon-list-text\">Avenue de la Retirada<br \/><\/span><i class=\"fas fa-map-pin\" aria-hidden=\"true\"><\/i><span class=\"elementor-icon-list-text\">66700 Argel\u00e8s-sur-Mer<br \/><\/span>SIREN : 843777798<\/p><p><strong>Responsable de publication :<\/strong><\/p><p>M. BARBARA Michel<br \/>Tel : 06 08 43 27 22<\/p><p><strong>H\u00e9bergement :<\/strong><\/p><p>Ce site est h\u00e9berg\u00e9 par\u00a0<a href=\"http:\/\/www.1and1.fr\/?k_id=19985549\" target=\"_blank\" rel=\"noopener noreferrer\">1&amp;1 Internet S.A.R.L.<\/a><\/p><p><strong>Informatique et Libert\u00e9 :<\/strong><\/p><p><em>Ce site respecte les r\u00e8gles suivantes :<\/em><\/p><p>Les formulaires en ligne collectent vos donn\u00e9es.<\/p><p>\u2013 Aucune information n\u2019est collect\u00e9e \u00e0 l\u2019insu de l\u2019internaute<br \/>\u2013 Aucune cession de ces informations ne peut \u00eatre fa\u00eete \u00e0 des tiers<br \/>Conform\u00e9ment \u00e0 la loi du 6 janvier 1978, l\u2019internaute dispose d\u2019un droit d\u2019acc\u00e8s qu\u2019il peut exercer aupr\u00e8s du correspondant \u00e0 la protection des donn\u00e9es \u00e0 caract\u00e8re personnel en \u00e9crivant \u00e0 l\u2019aide des coordonn\u00e9es pr\u00e9sentes dans la rubrique contact ou par email. L\u2019internaute dispose \u00e9galement d\u2019un droit de modification, de rectification et de suppression des donn\u00e9es aux donn\u00e9es \u00e0 caract\u00e8re personnel le concernant, qu\u2019il peut exercer en contactant M.BARBARA.<\/p><p><strong>Adresses \u00e9lectroniques ou num\u00e9ros de t\u00e9l\u00e9phones en ligne :<\/strong><\/p><p>Ce type d\u2019information est mis en ligne afin de permettre \u00e0 l\u2019internaute d\u2019acc\u00e9der plus rapidement \u00e0 l\u2019information recherch\u00e9e. Il ne peut \u00eatre utilis\u00e9 \u00e0 d\u2019autres fins et notamment de prospection commerciale. Le non-respect de cette interdiction expose le contrevenant \u00e0 des poursuites.<\/p><p><strong>Droits d\u2019auteur \u2013 copyright :<\/strong><\/p><p>Ce site et l\u2019ensemble de son contenu rel\u00e8ve de la l\u00e9gislation fran\u00e7aise sur le droit d\u2019auteur et la propri\u00e9t\u00e9 intellectuelle. Tous les droits de reproduction sont r\u00e9serv\u00e9s, notamment les sons, textes, informations, images, marques, logos, s\u00e9quences vid\u00e9os ou musicales)<\/p><p>Ce site et par cons\u00e9quent son contenu est la propri\u00e9t\u00e9 de la soci\u00e9t\u00e9 Locansol ou de ses partenaires. Sauf autorisation expresse la reproduction totale ou partielle de ce site sur un support quel qu\u2019il soit est formellement interdite et constituerait le cas \u00e9ch\u00e9ant un acte de contrefa\u00e7on sanctionn\u00e9 notamment par les articles L.335-2 et L716-1 du code la la propri\u00e9t\u00e9 intellectuelle<\/p><p><strong>2 \u2013 Conditions d\u2019utilisation du site :<\/strong><\/p><p>Nous vous rappelons que nous ne proc\u00e9dons pas syst\u00e9matiquement au contr\u00f4le des commentaires et avis post\u00e9s sur le site par les internautes. En cons\u00e9quence, nous vous demandons de bien lire les mentions l\u00e9gales s\u2019appliquant directement \u00e0 toute intervention sur le site.<\/p><p>Nous vous informons que les messages, commentaires, avis publics et priv\u00e9s mis sont publi\u00e9s sur le site sous votre unique responsabilit\u00e9, qu\u2019ils peuvent \u00eatre lus librement par les internautes et qu\u2019il vous est strictement interdit de publier un message illicite notamment pour les motifs suivants :<\/p><p>\u2013 Contraire \u00e0 l\u2019ordre public<br \/>\u2013 Incitant \u00e0 la discrimination, \u00e0 la haine d\u2019une personne ou d\u2019un groupe de personnes<br \/>\u2013 Caract\u00e8re injurieux, raciste, diffamatoire, x\u00e9nophobe, homophobe \u00e0 l\u2019encontre d\u2019une personne ou d\u2019un groupe de personnes<br \/>\u2013 Menace et atteinte \u00e0 l\u2019honneur ou \u00e0 la r\u00e9putation d\u2019une personne ou d\u2019un groupe de personnes<br \/>\u2013 Caract\u00e8re pornographique et\/ou p\u00e9dophile<br \/>\u2013 Faisant l\u2019apologie ou incitant \u00e0 commettre une contravention, un d\u00e9lit, un crime ou un acte de terrorisme<br \/>\u2013 Incitant \u00e0 la vente ou \u00e0 la consommation de drogues et de produits illicites<br \/>\u2013 Portant atteinte aux droits de propri\u00e9t\u00e9 intellectuelle, de droits \u00e0 l\u2019image et droits d\u2019auteur ( logiciels, musique, illustrations, photographies, textes, animations, s\u00e9quences vid\u00e9o )<br \/>\u2013 Portant atteinte \u00e0 la vie priv\u00e9e de tiers<\/p><p>Nous nous r\u00e9servons le droit de supprimer les \u00e9l\u00e9ments, messages,informations et donn\u00e9es apparaissant comme une publication illicite. Nous nous r\u00e9servons \u00e9galement le droit de vous exclure sans pr\u00e9avis ni justification du groupe d\u2019utilisateurs autoris\u00e9s \u00e0 la publication. Le cas \u00e9ch\u00e9ant, nous pourrons \u00eatre amen\u00e9s \u00e0 informer les autorit\u00e9s judiciaires et \u00e0 r\u00e9pondre \u00e0 leurs r\u00e9quisitions.<\/p><p>Vous serez en outre, garant \u00e0 notre \u00e9gard de toute condamnation dont nous pourrions faire l\u2019objet pour tous dommages direct ou indirects que vous aurez pu commettre par l\u2019utilisation de ce site sans respecter les pr\u00e9sentes mentions l\u00e9gales et lois aff\u00e9rentes.<\/p><p><strong>3 \u2013 Politique de confidentialit\u00e9 :<\/strong><\/p><p>\u00bb\u00a0<a href=\"https:\/\/www.locansol.fr\/en\/confidentialite\/\">Consultez la page<\/a><\/p>\t\t\t\t\t\t\t\t<\/div>\n\t\t\t\t<\/div>\n\t\t\t\t\t<\/div>\n\t\t\t\t<\/div>\n\t\t\t\t<\/div>","protected":false},"excerpt":{"rendered":"<p>1. Information de publication Editeur : Vous \u00eates actuellement connect\u00e9s au site de la soci\u00e9t\u00e9 LOCANSOL BARBARA CLANETCAMPING DE PUJOLSAvenue de la Retirada66700 Argel\u00e8s-sur-MerSIREN : 843777798 Responsable de publication : [&hellip;]<\/p>","protected":false},"author":1,"featured_media":0,"parent":0,"menu_order":0,"comment_status":"closed","ping_status":"closed","template":"","meta":{"_yoast_wpseo_focuskw":"","_yoast_wpseo_title":"","_yoast_wpseo_metadesc":"","_yoast_wpseo_canonical":"","_yoast_wpseo_opengraph-title":"","_yoast_wpseo_opengraph-description":"","_yoast_wpseo_opengraph-image":"","_yoast_wpseo_opengraph-image-id":"","_yoast_wpseo_twitter-title":"","_yoast_wpseo_twitter-description":"","_yoast_wpseo_twitter-image":"","_yoast_wpseo_twitter-image-id":"","yoast_primary_category":"","footnotes":""},"class_list":["post-1887","page","type-page","status-publish","hentry"],"yoast_head":"<!-- This site is optimized with the Yoast SEO Premium plugin v23.3 (Yoast SEO v26.9) - https:\/\/yoast.com\/product\/yoast-seo-premium-wordpress\/ -->\n<title>Mentions l\u00e9gales | Locansol, louer un h\u00e9bergement dans les Pyr\u00e9n\u00e9es Orientales<\/title>\n<meta name=\"robots\" content=\"noindex, follow\" \/>\n<meta property=\"og:locale\" content=\"en_GB\" \/>\n<meta property=\"og:type\" content=\"article\" \/>\n<meta property=\"og:title\" content=\"Mentions l\u00e9gales\" \/>\n<meta property=\"og:description\" content=\"1. Information de publicationEditeur :Vous \u00eates actuellement connect\u00e9s au site de la soci\u00e9t\u00e9 LOCANSOLBARBARA CLANETCAMPING DE PUJOLSAvenue de la\" \/>\n<meta property=\"og:url\" content=\"https:\/\/www.locansol.fr\/en\/mentions-legales\/\" \/>\n<meta property=\"og:site_name\" content=\"Locansol, louer un h\u00e9bergement dans les Pyr\u00e9n\u00e9es Orientales\" \/>\n<meta property=\"article:modified_time\" content=\"2024-10-11T15:16:20+00:00\" \/>\n<meta property=\"og:image\" content=\"https:\/\/www.locansol.fr\/wp-content\/uploads\/2024\/04\/AdobeStock_303324767-scaled.jpeg\" \/>\n\t<meta property=\"og:image:width\" content=\"2560\" \/>\n\t<meta property=\"og:image:height\" content=\"1707\" \/>\n\t<meta property=\"og:image:type\" content=\"image\/jpeg\" \/>\n<meta name=\"twitter:card\" content=\"summary_large_image\" \/>\n<meta name=\"twitter:label1\" content=\"Estimated reading time\" \/>\n\t<meta name=\"twitter:data1\" content=\"3 minutes\" \/>\n<script type=\"application\/ld+json\" class=\"yoast-schema-graph\">{\"@context\":\"https:\/\/schema.org\",\"@graph\":[{\"@type\":\"WebPage\",\"@id\":\"https:\/\/www.locansol.fr\/mentions-legales\/\",\"url\":\"https:\/\/www.locansol.fr\/mentions-legales\/\",\"name\":\"Mentions l\u00e9gales | Locansol, louer un h\u00e9bergement dans les Pyr\u00e9n\u00e9es Orientales\",\"isPartOf\":{\"@id\":\"https:\/\/www.locansol.fr\/#website\"},\"datePublished\":\"2024-10-11T15:13:18+00:00\",\"dateModified\":\"2024-10-11T15:16:20+00:00\",\"breadcrumb\":{\"@id\":\"https:\/\/www.locansol.fr\/mentions-legales\/#breadcrumb\"},\"inLanguage\":\"en-GB\",\"potentialAction\":[{\"@type\":\"ReadAction\",\"target\":[\"https:\/\/www.locansol.fr\/mentions-legales\/\"]}]},{\"@type\":\"BreadcrumbList\",\"@id\":\"https:\/\/www.locansol.fr\/mentions-legales\/#breadcrumb\",\"itemListElement\":[{\"@type\":\"ListItem\",\"position\":1,\"name\":\"Accueil\",\"item\":\"https:\/\/www.locansol.fr\/\"},{\"@type\":\"ListItem\",\"position\":2,\"name\":\"Mentions l\u00e9gales\"}]},{\"@type\":\"WebSite\",\"@id\":\"https:\/\/www.locansol.fr\/#website\",\"url\":\"https:\/\/www.locansol.fr\/\",\"name\":\"Locansol, louer un h\u00e9bergement dans les Pyr\u00e9n\u00e9es-Orientales\",\"description\":\"Location Mobil-home Mer M\u00e9diterran\u00e9e &amp; Chalet de Montagne dans les Pyr\u00e9n\u00e9es Orientales (Occitanie, 66). Weekend, s\u00e9jour &amp; vacances en famille et entre amis.\",\"publisher\":{\"@id\":\"https:\/\/www.locansol.fr\/#organization\"},\"alternateName\":\"Louer un h\u00e9bergement dans les Pyr\u00e9n\u00e9es Orientales, chalet & mobil-home en Occitanie\",\"potentialAction\":[{\"@type\":\"SearchAction\",\"target\":{\"@type\":\"EntryPoint\",\"urlTemplate\":\"https:\/\/www.locansol.fr\/?s={search_term_string}\"},\"query-input\":{\"@type\":\"PropertyValueSpecification\",\"valueRequired\":true,\"valueName\":\"search_term_string\"}}],\"inLanguage\":\"en-GB\"},{\"@type\":\"Organization\",\"@id\":\"https:\/\/www.locansol.fr\/#organization\",\"name\":\"Location MobilHome & chalet dans les Pyr\u00e9n\u00e9es Orientales\",\"alternateName\":\"Louer un h\u00e9bergement dans les Pyr\u00e9n\u00e9es Orientales en Occitanie\",\"url\":\"https:\/\/www.locansol.fr\/\",\"logo\":{\"@type\":\"ImageObject\",\"inLanguage\":\"en-GB\",\"@id\":\"https:\/\/www.locansol.fr\/#\/schema\/logo\/image\/\",\"url\":\"https:\/\/www.locansol.fr\/wp-content\/uploads\/2024\/04\/AdobeStock_303324767-scaled.jpeg\",\"contentUrl\":\"https:\/\/www.locansol.fr\/wp-content\/uploads\/2024\/04\/AdobeStock_303324767-scaled.jpeg\",\"width\":2560,\"height\":1707,\"caption\":\"Location MobilHome & chalet dans les Pyr\u00e9n\u00e9es Orientales\"},\"image\":{\"@id\":\"https:\/\/www.locansol.fr\/#\/schema\/logo\/image\/\"}}]}<\/script>\n<!-- \/ Yoast SEO Premium plugin. -->","yoast_head_json":{"title":"Mentions l\u00e9gales | Locansol, louer un h\u00e9bergement dans les Pyr\u00e9n\u00e9es Orientales","robots":{"index":"noindex","follow":"follow"},"og_locale":"en_GB","og_type":"article","og_title":"Mentions l\u00e9gales","og_description":"1. Information de publicationEditeur :Vous \u00eates actuellement connect\u00e9s au site de la soci\u00e9t\u00e9 LOCANSOLBARBARA CLANETCAMPING DE PUJOLSAvenue de la","og_url":"https:\/\/www.locansol.fr\/en\/mentions-legales\/","og_site_name":"Locansol, louer un h\u00e9bergement dans les Pyr\u00e9n\u00e9es Orientales","article_modified_time":"2024-10-11T15:16:20+00:00","og_image":[{"width":2560,"height":1707,"url":"https:\/\/www.locansol.fr\/wp-content\/uploads\/2024\/04\/AdobeStock_303324767-scaled.jpeg","type":"image\/jpeg"}],"twitter_card":"summary_large_image","twitter_misc":{"Estimated reading time":"3 minutes"},"schema":{"@context":"https:\/\/schema.org","@graph":[{"@type":"WebPage","@id":"https:\/\/www.locansol.fr\/mentions-legales\/","url":"https:\/\/www.locansol.fr\/mentions-legales\/","name":"Mentions l\u00e9gales | Locansol, louer un h\u00e9bergement dans les Pyr\u00e9n\u00e9es Orientales","isPartOf":{"@id":"https:\/\/www.locansol.fr\/#website"},"datePublished":"2024-10-11T15:13:18+00:00","dateModified":"2024-10-11T15:16:20+00:00","breadcrumb":{"@id":"https:\/\/www.locansol.fr\/mentions-legales\/#breadcrumb"},"inLanguage":"en-GB","potentialAction":[{"@type":"ReadAction","target":["https:\/\/www.locansol.fr\/mentions-legales\/"]}]},{"@type":"BreadcrumbList","@id":"https:\/\/www.locansol.fr\/mentions-legales\/#breadcrumb","itemListElement":[{"@type":"ListItem","position":1,"name":"Accueil","item":"https:\/\/www.locansol.fr\/"},{"@type":"ListItem","position":2,"name":"Mentions l\u00e9gales"}]},{"@type":"WebSite","@id":"https:\/\/www.locansol.fr\/#website","url":"https:\/\/www.locansol.fr\/","name":"Locansol, louer un h\u00e9bergement dans les Pyr\u00e9n\u00e9es-Orientales","description":"Location Mobil-home Mer M\u00e9diterran\u00e9e &amp; Chalet de Montagne dans les Pyr\u00e9n\u00e9es Orientales (Occitanie, 66). Weekend, s\u00e9jour &amp; vacances en famille et entre amis.","publisher":{"@id":"https:\/\/www.locansol.fr\/#organization"},"alternateName":"Louer un h\u00e9bergement dans les Pyr\u00e9n\u00e9es Orientales, chalet & mobil-home en Occitanie","potentialAction":[{"@type":"SearchAction","target":{"@type":"EntryPoint","urlTemplate":"https:\/\/www.locansol.fr\/?s={search_term_string}"},"query-input":{"@type":"PropertyValueSpecification","valueRequired":true,"valueName":"search_term_string"}}],"inLanguage":"en-GB"},{"@type":"Organization","@id":"https:\/\/www.locansol.fr\/#organization","name":"Location MobilHome & chalet dans les Pyr\u00e9n\u00e9es Orientales","alternateName":"Louer un h\u00e9bergement dans les Pyr\u00e9n\u00e9es Orientales en Occitanie","url":"https:\/\/www.locansol.fr\/","logo":{"@type":"ImageObject","inLanguage":"en-GB","@id":"https:\/\/www.locansol.fr\/#\/schema\/logo\/image\/","url":"https:\/\/www.locansol.fr\/wp-content\/uploads\/2024\/04\/AdobeStock_303324767-scaled.jpeg","contentUrl":"https:\/\/www.locansol.fr\/wp-content\/uploads\/2024\/04\/AdobeStock_303324767-scaled.jpeg","width":2560,"height":1707,"caption":"Location MobilHome & chalet dans les Pyr\u00e9n\u00e9es Orientales"},"image":{"@id":"https:\/\/www.locansol.fr\/#\/schema\/logo\/image\/"}}]}},"_links":{"self":[{"href":"https:\/\/www.locansol.fr\/en\/wp-json\/wp\/v2\/pages\/1887","targetHints":{"allow":["GET"]}}],"collection":[{"href":"https:\/\/www.locansol.fr\/en\/wp-json\/wp\/v2\/pages"}],"about":[{"href":"https:\/\/www.locansol.fr\/en\/wp-json\/wp\/v2\/types\/page"}],"author":[{"embeddable":true,"href":"https:\/\/www.locansol.fr\/en\/wp-json\/wp\/v2\/users\/1"}],"replies":[{"embeddable":true,"href":"https:\/\/www.locansol.fr\/en\/wp-json\/wp\/v2\/comments?post=1887"}],"version-history":[{"count":0,"href":"https:\/\/www.locansol.fr\/en\/wp-json\/wp\/v2\/pages\/1887\/revisions"}],"wp:attachment":[{"href":"https:\/\/www.locansol.fr\/en\/wp-json\/wp\/v2\/media?parent=1887"}],"curies":[{"name":"wp","href":"https:\/\/api.w.org\/{rel}","templated":true}]}}